{"id":318,"date":"2024-06-03T13:36:02","date_gmt":"2024-06-03T11:36:02","guid":{"rendered":"https:\/\/beauteetpouvoir.com\/politique-de-cookies\/"},"modified":"2024-06-12T12:21:06","modified_gmt":"2024-06-12T10:21:06","slug":"politique-de-cookies","status":"publish","type":"page","link":"https:\/\/beauteetpouvoir.com\/en\/politique-de-cookies\/","title":{"rendered":"Politique de cookies"},"content":{"rendered":"<p>[et_pb_section fb_built=&#8221;1&#8243; theme_builder_area=&#8221;post_content&#8221; _builder_version=&#8221;4.25.1&#8243; _module_preset=&#8221;default&#8221;][et_pb_row _builder_version=&#8221;4.25.1&#8243; _module_preset=&#8221;default&#8221; theme_builder_area=&#8221;post_content&#8221;][et_pb_column _builder_version=&#8221;4.25.1&#8243; _module_preset=&#8221;default&#8221; type=&#8221;4_4&#8243; theme_builder_area=&#8221;post_content&#8221;][et_pb_text _builder_version=&#8221;4.25.1&#8243; _module_preset=&#8221;default&#8221; theme_builder_area=&#8221;post_content&#8221; hover_enabled=&#8221;0&#8243; sticky_enabled=&#8221;0&#8243;]<\/p>\n<p><strong>Politique de cookies<\/strong><\/p>\n<p>1. POLITIQUE EN MATI\u00c8RE DE COOKIES<\/p>\n<p>a) D\u00e9finition et fonction g\u00e9n\u00e9rique des cookies<\/p>\n<p>Que sont les cookies ? Un cookie est un fichier qui est t\u00e9l\u00e9charg\u00e9 sur votre ordinateur lorsque vous acc\u00e9dez \u00e0 notre site web. Les cookies nous permettent, entre autres, de stocker et de r\u00e9cup\u00e9rer des informations sur les habitudes de navigation d\u2019un utilisateur ou de son \u00e9quipement et, selon les informations qu\u2019ils contiennent et la fa\u00e7on dont vous utilisez votre ordinateur, peuvent \u00eatre utilis\u00e9es pour reconna\u00eetre l\u2019utilisateur. Ce site web utilise des cookies et\/ou des technologies similaires qui stockent et r\u00e9cup\u00e8rent l\u2019information lorsque vous naviguez. Les usages sp\u00e9cifiques que nous faisons de ces technologies sont d\u00e9crits ci-dessous.<\/p>\n<p>b) Informations sur le type de cookies utilis\u00e9s et leur finalit\u00e9.<\/p>\n<p>Cookies propres : Ce sont ceux que nous envoyons \u00e0 votre ordinateur ou terminal depuis notre site web.<br \/>Cookies tiers : ce sont ceux qui sont envoy\u00e9s \u00e0 votre ordinateur ou terminal \u00e0 partir d\u2019un domaine ou une page web qui n\u2019est pas g\u00e9r\u00e9e par nous, mais par une autre entit\u00e9 qui traite les donn\u00e9es obtenues gr\u00e2ce aux cookies.<\/p>\n<p>Cookies de session : Il s\u2019agit d\u2019un type de cookies con\u00e7us pour collecter et stocker des donn\u00e9es pendant que vous acc\u00e9dez \u00e0 notre site Web.<\/p>\n<p>Cookies persistants : Il s\u2019agit d\u2019un type de cookies dans lesquels les donn\u00e9es sont toujours stock\u00e9es dans le terminal et peuvent \u00eatre consult\u00e9s et trait\u00e9s pendant une certaine p\u00e9riode de temps, et peut aller de quelques minutes \u00e0 plusieurs ann\u00e9es.<\/p>\n<p>Cookies d\u2019analyse : Ce sont ceux qui sont trait\u00e9s bien par nous ou par des tiers, permettent de quantifier le nombre d\u2019utilisateurs et d\u2019effectuer des mesures et analyses statistiques de l\u2019utilisation faite par les utilisateurs de notre site Web. Pour cela, nous analysons la navigation sur notre site Web afin d\u2019am\u00e9liorer les produits ou services que nous vous offrons.<\/p>\n<p>Publicitaires comportementales : sont ceux qui, trait\u00e9es par nous ou par des tiers, nous permettent d\u2019analyser vos habitudes de navigation sur Internet afin que nous puissions vous montrer des publicit\u00e9s li\u00e9es \u00e0 votre profil de navigation.<\/p>\n<p>Ils nous permettent d\u2019obtenir l\u2019information suivante:<br \/>Le nom de domaine du fournisseur qui donne acc\u00e8s au r\u00e9seau. De cette fa\u00e7on nous pouvons compiler des statistiques sur les pays et les serveurs qui visitent le plus souvent notre site Web.<br \/>La date et l\u2019heure d\u2019acc\u00e8s \u00e0 notre site Web. Cela nous permet de conna\u00eetre les heures de plus grand afflux, et faire les ajustements n\u00e9cessaires pour \u00e9viter les probl\u00e8mes de saturation \u00e0 nos heures pointe.<br \/>L\u2019adresse IP et l\u2019adresse Internet des sites \u00e0 partir desquelles sort le lien qui m\u00e8ne \u00e0 notre site. Gr\u00e2ce \u00e0 ces donn\u00e9es, nous pouvons conna\u00eetre l\u2019efficacit\u00e9 des diff\u00e9rentes banni\u00e8res et liens qui pointent vers notre serveur, afin d\u2019enrichir ceux qui proposent de meilleurs r\u00e9sultats, afin de satisfaire les besoins d\u2019information de nos visiteurs.<br \/>Le nombre de visiteurs quotidiens de chaque section. Cela nous permet de conna\u00eetre les zones de plus de succ\u00e8s et augmenter et am\u00e9liorer son contenu afin que les utilisateurs obtiennent un r\u00e9sultat plus satisfaisant.<\/p>\n<p>c) Identification de qui utilise les cookies.<\/p>\n<p>1. Cookies propres:<\/p>\n<p>wp-settings, wp-settings-time, Cookie_notice_accepted:<br \/>Cookies n\u00e9cessaires pour rendre le site Web utilisable en activant des fonctions de base telles que la navigation dans les pages et l\u2019acc\u00e8s \u00e0 des sites s\u00e9curis\u00e9s. Le site Web ne peut pas fonctionner correctement sans ces cookies.<\/p>\n<p>2. Cookies d\u2019analyse:<\/p>\n<p>Google Analytics: Google, Inc., 1600 Amphitheatre Parkway, Mountain View (Californie), CA 94043, \u00c9tats-Unis (\u00ab Google \u00bb).<\/p>\n<p>Google Analytics utilise des \u00ab cookies \u00bb, qui sont des fichiers texte plac\u00e9s sur votre ordinateur, pour aider le site Web \u00e0 analyser l\u2019utilisation faite par les utilisateurs du site. Les informations g\u00e9n\u00e9r\u00e9es par le cookie concernant votre utilisation du site Web (y compris votre adresse IP) seront directement transmises et stock\u00e9es par Google sur des serveurs aux \u00c9tats-Unis. Google utilisera ces informations, en notre nom, dans le but de suivre votre utilisation du site Web, de compiler des rapports sur l\u2019activit\u00e9 du site Web et de fournir d\u2019autres services li\u00e9s \u00e0 l\u2019activit\u00e9 du site Web et \u00e0 l\u2019utilisation d\u2019Internet.<\/p>\n<p>Google peut transmettre ces informations \u00e0 des tiers lorsque la loi l\u2019exige ou lorsque ces tiers traitent les informations pour le compte de Google. Google n\u2019associera pas votre adresse IP \u00e0 d\u2019autres donn\u00e9es d\u00e9tenues par Google.<\/p>\n<p>3. Cookies tiers. Entreprises collaboratrices:<\/p>\n<p>Plus pr\u00e9cis\u00e9ment, les prestataires de services avec lesquels nous avons contract\u00e9 un service pour lesquels l\u2019utilisation de cookies est n\u00e9cessaire sont:<\/p>\n<p>HotJar<\/p>\n<p>Les cookies de Hotjar collectent anonymement des informations de journal registre standart et des donn\u00e9es sur les habitudes des visiteurs.<\/p>\n<p>Ils sont utilis\u00e9s pour mesurer l\u2019activit\u00e9 de la plateforme et pour cr\u00e9er des profils de navigation des utilisateurs afin d\u2019introduire des am\u00e9liorations bas\u00e9es sur l\u2019analyse des donn\u00e9es.<\/p>\n<p>4. Cookies marketing:<\/p>\n<p>Google AdWords:<\/p>\n<p>Services de publicit\u00e9 sponsoris\u00e9e en ligne fournis par Google Inc. Les cookies sont utilis\u00e9s par Google pour g\u00e9rer les services susmentionn\u00e9s.<br \/>Donn\u00e9es collect\u00e9es:<br \/>Num\u00e9ro IP, historique de recherche, emplacement, ID de l\u2019appareil et num\u00e9ro de t\u00e9l\u00e9phone.<br \/>En plus de : vues d\u2019annonces, analyses, informations sur le navigateur, donn\u00e9es de cookies, date et heure, donn\u00e9es d\u00e9mographiques, informations sur les logiciels\/mat\u00e9riels, informations sur les interactions, pages visit\u00e9es, domaines.<br \/>Pour plus d\u2019informations: Lien<\/p>\n<p>d) Informations sur la mani\u00e8re d\u2019accepter, de refuser, de r\u00e9voquer le consentement ou de supprimer les cookies.<\/p>\n<p>L\u2019utilisateur a la possibilit\u00e9 d\u2019emp\u00eacher la g\u00e9n\u00e9ration de cookies, en s\u00e9lectionnant l\u2019option correspondante dans son navigateur, ou via l\u2019outil tiers, disponible sur notre site Web, qui permet de d\u00e9tecter les cookies g\u00e9n\u00e9r\u00e9s et g\u00e9rer sa d\u00e9sactivation.<\/p>\n<p>Administration des cookies via votre propre navigateur.<\/p>\n<p>Vous pouvez autoriser, bloquer ou supprimer les cookies install\u00e9s sur votre ordinateur en configurant les options du navigateur install\u00e9 sur votre ordinateur. Voir les options et les instructions propos\u00e9es par votre navigateur pour cela. Veuillez noter que si vous acceptez les cookies de tiers, vous devez les supprimer des options du navigateur.<\/p>\n<p>Vous pouvez obtenir plus d\u2019informations sur le navigateur Chrome ici: Lien<\/p>\n<p>Vous pouvez obtenir plus d\u2019informations sur le navigateur Chrome ici: Lien<\/p>\n<p>Vous pouvez obtenir plus d\u2019informations sur le navigateur Internet Explorer ici: Lien<\/p>\n<p>Vous pouvez obtenir plus d\u2019informations sur le navigateur Safari ici: Lien<\/p>\n<p>Vous pouvez obtenir plus d\u2019informations sur le navigateur Opera ici: Lien<\/p>\n<p>Information sur les transferts de donn\u00e9es vers des pays tiers effectu\u00e9s par l\u2019\u00e9diteur.<\/p>\n<p>L\u2019\u00e9diteur n\u2019effectue pas de transferts internationaux de donn\u00e9es. Les transferts \u00e0 des tiers pays qui, le cas \u00e9ch\u00e9ant, sont effectu\u00e9s par les tiers identifi\u00e9s dans cette politique de cookies comme \u00ab Cookies tiers, soci\u00e9t\u00e9s collaboratrices \u00bb peuvent \u00eatre vus dans leurs politiques (voir les soci\u00e9t\u00e9s fournies dans la section \u00ab Cookies tiers \u00bb).<\/p>\n<p>f) Profilage.<\/p>\n<p>Ce site Web ne cr\u00e9e pas de profils impliquant une prise de d\u00e9cision automatis\u00e9e avec des cons\u00e9quences juridiques pour l\u2019utilisateur ou qui l\u2019affectent de mani\u00e8re semblable.<\/p>\n<p>g) P\u00e9riode de stockage.<\/p>\n<p>Concernant la conservation des Cookies pour la gestion du site internet corporatif, ils seront conserv\u00e9s pendant une dur\u00e9e de deux ans, prenant pour r\u00e9f\u00e9rence la derni\u00e8re visite \u00e0 notre site.<\/p>\n<p>h) Droits des parties int\u00e9ress\u00e9es<\/p>\n<p>Vous pouvez vous r\u00e9f\u00e9rer \u00e0 notre Politique de Confidentialit\u00e9.<\/p>\n<p>[\/et_pb_text][\/et_pb_column][\/et_pb_row][\/et_pb_section]<\/p>\n","protected":false},"excerpt":{"rendered":"<p>Politique de cookies 1. POLITIQUE EN MATI\u00c8RE DE COOKIES a) D\u00e9finition et fonction g\u00e9n\u00e9rique des cookies Que sont les cookies ? Un cookie est un fichier qui est t\u00e9l\u00e9charg\u00e9 sur votre ordinateur lorsque vous acc\u00e9dez \u00e0 notre site web. Les cookies nous permettent, entre autres, de stocker et de r\u00e9cup\u00e9rer des informations sur les habitudes [&hellip;]<\/p>\n","protected":false},"author":2,"featured_media":0,"parent":0,"menu_order":0,"comment_status":"closed","ping_status":"closed","template":"","meta":{"_et_pb_use_builder":"on","_et_pb_old_content":"","_et_gb_content_width":"","footnotes":""},"class_list":["post-318","page","type-page","status-publish","hentry"],"_links":{"self":[{"href":"https:\/\/beauteetpouvoir.com\/en\/wp-json\/wp\/v2\/pages\/318","targetHints":{"allow":["GET"]}}],"collection":[{"href":"https:\/\/beauteetpouvoir.com\/en\/wp-json\/wp\/v2\/pages"}],"about":[{"href":"https:\/\/beauteetpouvoir.com\/en\/wp-json\/wp\/v2\/types\/page"}],"author":[{"embeddable":true,"href":"https:\/\/beauteetpouvoir.com\/en\/wp-json\/wp\/v2\/users\/2"}],"replies":[{"embeddable":true,"href":"https:\/\/beauteetpouvoir.com\/en\/wp-json\/wp\/v2\/comments?post=318"}],"version-history":[{"count":2,"href":"https:\/\/beauteetpouvoir.com\/en\/wp-json\/wp\/v2\/pages\/318\/revisions"}],"predecessor-version":[{"id":320,"href":"https:\/\/beauteetpouvoir.com\/en\/wp-json\/wp\/v2\/pages\/318\/revisions\/320"}],"wp:attachment":[{"href":"https:\/\/beauteetpouvoir.com\/en\/wp-json\/wp\/v2\/media?parent=318"}],"curies":[{"name":"wp","href":"https:\/\/api.w.org\/{rel}","templated":true}]}}