{"id":315,"date":"2024-05-14T10:04:40","date_gmt":"2024-05-14T08:04:40","guid":{"rendered":"https:\/\/beauteetpouvoir.com\/politique-de-confidentialite\/"},"modified":"2024-06-12T12:20:52","modified_gmt":"2024-06-12T10:20:52","slug":"politique-de-confidentialite","status":"publish","type":"page","link":"https:\/\/beauteetpouvoir.com\/en\/politique-de-confidentialite\/","title":{"rendered":"Politique de Confidentialit\u00e9."},"content":{"rendered":"<p>[et_pb_section fb_built=&#8221;1&#8243; admin_label=&#8221;section&#8221; _builder_version=&#8221;4.16&#8243; global_colors_info=&#8221;{}&#8221;][et_pb_row admin_label=&#8221;row&#8221; _builder_version=&#8221;4.16&#8243; background_size=&#8221;initial&#8221; background_position=&#8221;top_left&#8221; background_repeat=&#8221;repeat&#8221; global_colors_info=&#8221;{}&#8221;][et_pb_column type=&#8221;4_4&#8243; _builder_version=&#8221;4.16&#8243; custom_padding=&#8221;|||&#8221; global_colors_info=&#8221;{}&#8221; custom_padding__hover=&#8221;|||&#8221;][et_pb_text admin_label=&#8221;Text&#8221; _builder_version=&#8221;4.25.1&#8243; background_size=&#8221;initial&#8221; background_position=&#8221;top_left&#8221; background_repeat=&#8221;repeat&#8221; text_orientation=&#8221;justified&#8221; hover_enabled=&#8221;0&#8243; global_colors_info=&#8221;{}&#8221; sticky_enabled=&#8221;0&#8243;]<\/p>\n<p><strong>POLITIQUE DE CONFIDENTIALIT\u00c9. PROTECTION DES DONN\u00c9ES PERSONNELLES<\/strong><\/p>\n<p>RESPONSABLE<br \/>Identit\u00e9 :<br \/>Bureau des \u00c9tudiants-IESA ATRS et Culture \u2013 N\u00ba de SIREN : 835161027<br \/>Adresse postale : 1 Cit\u00e9 Griset, 75011 Paris<\/p>\n<p>Coordonn\u00e9es du d\u00e9l\u00e9gu\u00e9 de protection des donn\u00e9es M Jonathan David<\/p>\n<p>OBJECTIFS<br \/>Description d\u00e9taill\u00e9e du\/des but(s) du traitement des donn\u00e9es personnelles :<br \/>Nous traiterons vos donn\u00e9es pour l\u2019\u00e9mission des tickets et le contr\u00f4le d\u2019acc\u00e8s, la gestion administrative, comptable et fiscale, ainsi que les statistiques.<\/p>\n<p>PR\u00c9SERVATION<br \/>D\u00e9lais ou crit\u00e8res de conservation des donn\u00e9es :<br \/>Les donn\u00e9es personnelles fournies seront conserv\u00e9es tant que la relation avec l\u2019entit\u00e9 est maintenue et que sa suppression n\u2019est pas demand\u00e9e par l\u2019int\u00e9ress\u00e9. Elles seront conserv\u00e9es conform\u00e9ment aux d\u00e9lais l\u00e9gaux \u00e9tablis en mati\u00e8re fiscale et comptable de 5 (cinq) ans, prenant comme r\u00e9f\u00e9rence la derni\u00e8re communication.<\/p>\n<p>D\u00c9CISIONS<br \/>D\u00e9cisions automatis\u00e9es, profils et logique appliqu\u00e9e :<br \/>L\u2019entit\u00e9 NE prendra PAS de d\u00e9cisions, de profils ou de logique automatis\u00e9s appliqu\u00e9s \u00e0 vos donn\u00e9es.<\/p>\n<p>L\u00c9GITIMATION<br \/>L\u00e9gitimation par l\u2019ex\u00e9cution d\u2019un contrat :<br \/>En raison du fait que le traitement est n\u00e9cessaire \u00e0 l\u2019ex\u00e9cution d\u2019un contrat commercial auquel vous \u00eates partie, il est pr\u00e9cis\u00e9 que le type de contrat en question est le contrat commercial de vente de billets susmentionn\u00e9.<br \/>\u00c9tant donn\u00e9 que la communication de donn\u00e9es personnelles est une obligation l\u00e9gale ou contractuelle et une condition n\u00e9cessaire pour signer le contrat susmentionn\u00e9, l\u2019int\u00e9ress\u00e9 est inform\u00e9 qu\u2019il est tenu de fournir des donn\u00e9es personnelles. Les cons\u00e9quences de ne pas le faire peuvent entra\u00eener la non-fourniture du service demand\u00e9.<\/p>\n<p>DESTINATAIRES<br \/>Pendant la dur\u00e9e du traitement, Bureau des \u00c9tudiants-IESA ATRS et Culture n\u2019effectuera aucune cession, sauf obligation l\u00e9gale, ni aucun transfert international. Les communications de donn\u00e9es seront effectu\u00e9es entre les processeurs de donn\u00e9es suivants avec lesquels les contrats de traitement de donn\u00e9es correspondants existent :<br \/>SICOMORO SERVICIOS INTEGRALES, S.L. avec NIF\/CIF B99020547<\/p>\n<p>DROITS<br \/>L\u2019int\u00e9ress\u00e9 peut exercer les droits suivants :<br \/>Droit de demander l\u2019acc\u00e8s \u00e0 vos donn\u00e9es personnelles.<br \/>Droit de demander la rectification ou la suppression de vos donn\u00e9es.<br \/>Droit de demander la limitation du traitement de vos donn\u00e9es.<br \/>Droit de s\u2019opposer au traitement de vos donn\u00e9es.<br \/>Droit \u00e0 la portabilit\u00e9 des donn\u00e9es.<br \/>Droit de retirer le consentement donn\u00e9.<\/p>\n<p>Toute personne a le droit d\u2019obtenir la confirmation que l\u2019Entit\u00e9 traite ou non des donn\u00e9es \u00e0 caract\u00e8re personnel la concernant. Les personnes int\u00e9ress\u00e9es ont le droit d\u2019acc\u00e9der \u00e0 leurs donn\u00e9es personnelles, ainsi que de demander la rectification de donn\u00e9es inexactes ou, le cas \u00e9ch\u00e9ant, de demander leur suppression lorsque, entre autres raisons, les donn\u00e9es ne sont plus n\u00e9cessaires aux fins pour lesquelles elles ont \u00e9t\u00e9 collect\u00e9es.<br \/>Dans certaines circonstances, les parties int\u00e9ress\u00e9es peuvent demander la limitation du traitement de leurs donn\u00e9es, auquel cas nous ne les conserverons que pour l\u2019exercice ou la d\u00e9fense de r\u00e9clamations. Dans certaines circonstances et pour des raisons li\u00e9es \u00e0 leur situation particuli\u00e8re, les int\u00e9ress\u00e9s peuvent s\u2019opposer au traitement de leurs donn\u00e9es. Dans ce cas, l\u2019entit\u00e9 cessera de traiter les donn\u00e9es, sauf pour des raisons l\u00e9gitimes imp\u00e9rieuses, ou l\u2019exercice ou la d\u00e9fense d\u2019\u00e9ventuelles r\u00e9clamations.<br \/>Si vous accordez votre consentement \u00e0 une fin sp\u00e9cifique, vous avez le droit de retirer le consentement accord\u00e9 \u00e0 tout moment, sans affecter la l\u00e9galit\u00e9 du traitement bas\u00e9 sur le consentement avant son retrait.<br \/>Pour ce faire, vous pouvez \u00e9crire \u00e0 Bureau des \u00c9tudiants-IESA ATRS et Culture avec N\u00ba de SIREN 835161027, et 1 Cit\u00e9 Griset, 75011 Paris.<\/p>\n<p>Dans le cas o\u00f9 vous estimeriez que vos droits ont \u00e9t\u00e9 viol\u00e9s au regard de la protection de vos donn\u00e9es personnelles, notamment lorsque vous n\u2019avez pas obtenu satisfaction dans l\u2019exercice de vos droits, vous pouvez introduire une r\u00e9clamation aupr\u00e8s de l\u2019Autorit\u00e9 de Contr\u00f4le de la Protection des Donn\u00e9es comp\u00e9tente, (veuillez fournir l&#8217;autorit\u00e9 comp\u00e9tente).<\/p>\n<p>ORIGINE DES DONN\u00c9ES<br \/>Les donn\u00e9es personnelles que nous traitons au Bureau des \u00c9tudiants-IESA ATRS et Culture proviennent directement de vous :<br \/>Les cat\u00e9gories de donn\u00e9es trait\u00e9es sont :<br \/>\u2013 Donn\u00e9es d\u2019identification<br \/>\u2013 Adresses postales ou \u00e9lectroniques<br \/>\u2013 Donn\u00e9es \u00e9conomiques<\/p>\n<p>[\/et_pb_text][\/et_pb_column][\/et_pb_row][\/et_pb_section]<\/p>\n","protected":false},"excerpt":{"rendered":"<p>POLITIQUE DE CONFIDENTIALIT\u00c9. PROTECTION DES DONN\u00c9ES PERSONNELLES RESPONSABLEIdentit\u00e9 :Bureau des \u00c9tudiants-IESA ATRS et Culture \u2013 N\u00ba de SIREN : 835161027Adresse postale : 1 Cit\u00e9 Griset, 75011 Paris Coordonn\u00e9es du d\u00e9l\u00e9gu\u00e9 de protection des donn\u00e9es M Jonathan David OBJECTIFSDescription d\u00e9taill\u00e9e du\/des but(s) du traitement des donn\u00e9es personnelles :Nous traiterons vos donn\u00e9es pour l\u2019\u00e9mission des tickets et [&hellip;]<\/p>\n","protected":false},"author":1,"featured_media":0,"parent":0,"menu_order":0,"comment_status":"closed","ping_status":"closed","template":"","meta":{"_et_pb_use_builder":"on","_et_pb_old_content":"","_et_gb_content_width":"","footnotes":""},"class_list":["post-315","page","type-page","status-publish","hentry"],"_links":{"self":[{"href":"https:\/\/beauteetpouvoir.com\/en\/wp-json\/wp\/v2\/pages\/315","targetHints":{"allow":["GET"]}}],"collection":[{"href":"https:\/\/beauteetpouvoir.com\/en\/wp-json\/wp\/v2\/pages"}],"about":[{"href":"https:\/\/beauteetpouvoir.com\/en\/wp-json\/wp\/v2\/types\/page"}],"author":[{"embeddable":true,"href":"https:\/\/beauteetpouvoir.com\/en\/wp-json\/wp\/v2\/users\/1"}],"replies":[{"embeddable":true,"href":"https:\/\/beauteetpouvoir.com\/en\/wp-json\/wp\/v2\/comments?post=315"}],"version-history":[{"count":2,"href":"https:\/\/beauteetpouvoir.com\/en\/wp-json\/wp\/v2\/pages\/315\/revisions"}],"predecessor-version":[{"id":317,"href":"https:\/\/beauteetpouvoir.com\/en\/wp-json\/wp\/v2\/pages\/315\/revisions\/317"}],"wp:attachment":[{"href":"https:\/\/beauteetpouvoir.com\/en\/wp-json\/wp\/v2\/media?parent=315"}],"curies":[{"name":"wp","href":"https:\/\/api.w.org\/{rel}","templated":true}]}}