{"id":233,"date":"2024-05-17T13:32:23","date_gmt":"2024-05-17T11:32:23","guid":{"rendered":"https:\/\/beauteetpouvoir.iacpospre.com\/legal-notice\/"},"modified":"2024-06-03T13:33:16","modified_gmt":"2024-06-03T11:33:16","slug":"legal-notice","status":"publish","type":"page","link":"https:\/\/beauteetpouvoir.com\/en\/legal-notice\/","title":{"rendered":"Legal notice"},"content":{"rendered":"<p>[et_pb_section fb_built=&#8221;1&#8243; _builder_version=&#8221;4.25.1&#8243; _module_preset=&#8221;default&#8221; global_colors_info=&#8221;{}&#8221;][et_pb_row _builder_version=&#8221;4.25.1&#8243; _module_preset=&#8221;default&#8221; global_colors_info=&#8221;{}&#8221;][et_pb_column type=&#8221;4_4&#8243; _builder_version=&#8221;4.25.1&#8243; _module_preset=&#8221;default&#8221; global_colors_info=&#8221;{}&#8221;][et_pb_text _builder_version=&#8221;4.25.1&#8243; _module_preset=&#8221;default&#8221; global_colors_info=&#8221;{}&#8221;]<\/p>\n<h2><span><span class=\"ui-provider a b c d e f g h i j k l m n o p q r s t u v w x y z ab ac ae af ag ah ai aj ak\" dir=\"ltr\">Mention l\u00e9gales<\/span><\/span><\/h2>\n<p>[\/et_pb_text][\/et_pb_column][\/et_pb_row][et_pb_row _builder_version=&#8221;4.25.1&#8243; _module_preset=&#8221;default&#8221; global_colors_info=&#8221;{}&#8221; custom_padding=&#8221;|20px||||&#8221;][et_pb_column type=&#8221;4_4&#8243; _builder_version=&#8221;4.25.1&#8243; _module_preset=&#8221;default&#8221; global_colors_info=&#8221;{}&#8221;][et_pb_text _builder_version=&#8221;4.25.1&#8243; _module_preset=&#8221;default&#8221; hover_enabled=&#8221;0&#8243; sticky_enabled=&#8221;0&#8243; text_orientation=&#8221;justified&#8221;]<\/p>\n<p>\u00c9diteur du site :<\/p>\n<p>\u2022 SICOMORO SERVICIOS INTEGRALES, S.L., Soci\u00e9t\u00e9 de droit Espagnol dont le si\u00e8ge social est situ\u00e9 Camino del Vado 21, A ; 50014 \u2013 Saragosse.<br \/>\u2022 T\u00e9l\u00e9phone de contact : +34 976 20 58 99<br \/>\u2022 Courriel : more@tickamore.com<br \/>\u2022 TVA INTRACOM : ESB99020547<\/p>\n<p>Droits d\u2019auteurs : Le contenu et les images de ce site sont la propri\u00e9t\u00e9 de l\u2019Association des \u00e9l\u00e8ves de l\u2019IESA.<br \/>Responsable de la Publication : M Jonathan David<br \/>H\u00e9bergement : Infrastructure de Serveur CPD OVH Roubaix<br \/>Navigation anonyme sur les pages Web<br \/>Ce site obtient et conserve uniquement les informations suivantes sur les visiteurs de notre site Web :<\/p>\n<p>a) le nom de domaine du fournisseur qui leur donne acc\u00e8s au r\u00e9seau. De cette mani\u00e8re, nous pouvons \u00e9tablir des statistiques sur les pays et les serveurs qui visitent le plus souvent notre site Web.<\/p>\n<p>b) La date et l&#8217;heure d&#8217;acc\u00e8s \u00e0 notre site Internet. Cela nous permet de conna\u00eetre les heures les plus charg\u00e9es, et de faire les ajustements n\u00e9cessaires pour \u00e9viter les probl\u00e8mes de saturation lors de nos heures de pointe.<\/p>\n<p>c) L&#8217;adresse IP et l&#8217;adresse Internet d&#8217;o\u00f9 provient le lien qui dirige vers notre site Web. Gr\u00e2ce \u00e0 ces donn\u00e9es, nous pouvons conna\u00eetre l&#8217;efficacit\u00e9 des diff\u00e9rentes banni\u00e8res et liens qui pointent vers notre serveur, afin de promouvoir ceux qui offrent les meilleurs r\u00e9sultats, afin de satisfaire les besoins d&#8217;information de nos visiteurs.<\/p>\n<p>d) Le nombre de visiteurs quotidiens dans chaque section. Cela nous permet de conna\u00eetre les domaines les plus performants et d&#8217;augmenter et d&#8217;am\u00e9liorer leur contenu, afin que les utilisateurs obtiennent un r\u00e9sultat plus satisfaisant.<\/p>\n<p>Les informations obtenues sont totalement anonymes, ce qui signifie qu&#8217;elles ne peuvent \u00eatre associ\u00e9es \u00e0 un utilisateur sp\u00e9cifique et identifi\u00e9.<\/p>\n<p>Liens<\/p>\n<p>L&#8217;entit\u00e9 d\u00e9cline toute responsabilit\u00e9 concernant les informations trouv\u00e9es en dehors de ce site et non g\u00e9r\u00e9es directement par notre webmaster. La fonction des liens qui apparaissent sur cette page est exclusivement d&#8217;informer l&#8217;utilisateur de l&#8217;existence d&#8217;autres sources d&#8217;informations sur le sujet sur Internet, o\u00f9 il peut enrichir les donn\u00e9es propos\u00e9es sur ce site Internet. L&#8217;entit\u00e9 ne sera en aucun cas responsable des r\u00e9sultats obtenus gr\u00e2ce auxdits liens hypertextuales.es.<\/p>\n<p>[\/et_pb_text][\/et_pb_column][\/et_pb_row][\/et_pb_section]<\/p>\n","protected":false},"excerpt":{"rendered":"<p>Mention l\u00e9gales\u00c9diteur du site : \u2022 SICOMORO SERVICIOS INTEGRALES, S.L., Soci\u00e9t\u00e9 de droit Espagnol dont le si\u00e8ge social est situ\u00e9 Camino del Vado 21, A ; 50014 \u2013 Saragosse.\u2022 T\u00e9l\u00e9phone de contact : +34 976 20 58 99\u2022 Courriel : more@tickamore.com\u2022 TVA INTRACOM : ESB99020547 Droits d\u2019auteurs : Le contenu et les images de ce [&hellip;]<\/p>\n","protected":false},"author":2,"featured_media":0,"parent":0,"menu_order":0,"comment_status":"closed","ping_status":"closed","template":"","meta":{"_et_pb_use_builder":"on","_et_pb_old_content":"","_et_gb_content_width":"","footnotes":""},"class_list":["post-233","page","type-page","status-publish","hentry"],"_links":{"self":[{"href":"https:\/\/beauteetpouvoir.com\/en\/wp-json\/wp\/v2\/pages\/233","targetHints":{"allow":["GET"]}}],"collection":[{"href":"https:\/\/beauteetpouvoir.com\/en\/wp-json\/wp\/v2\/pages"}],"about":[{"href":"https:\/\/beauteetpouvoir.com\/en\/wp-json\/wp\/v2\/types\/page"}],"author":[{"embeddable":true,"href":"https:\/\/beauteetpouvoir.com\/en\/wp-json\/wp\/v2\/users\/2"}],"replies":[{"embeddable":true,"href":"https:\/\/beauteetpouvoir.com\/en\/wp-json\/wp\/v2\/comments?post=233"}],"version-history":[{"count":3,"href":"https:\/\/beauteetpouvoir.com\/en\/wp-json\/wp\/v2\/pages\/233\/revisions"}],"predecessor-version":[{"id":277,"href":"https:\/\/beauteetpouvoir.com\/en\/wp-json\/wp\/v2\/pages\/233\/revisions\/277"}],"wp:attachment":[{"href":"https:\/\/beauteetpouvoir.com\/en\/wp-json\/wp\/v2\/media?parent=233"}],"curies":[{"name":"wp","href":"https:\/\/api.w.org\/{rel}","templated":true}]}}