{"id":214,"date":"2024-05-17T13:19:07","date_gmt":"2024-05-17T11:19:07","guid":{"rendered":"https:\/\/beauteetpouvoir.iacpospre.com\/conditions-generales-de-vente-cgv\/"},"modified":"2024-05-17T13:22:58","modified_gmt":"2024-05-17T11:22:58","slug":"conditions-generales-de-vente-cgv","status":"publish","type":"page","link":"https:\/\/beauteetpouvoir.com\/en\/conditions-generales-de-vente-cgv\/","title":{"rendered":"Conditions G\u00e9n\u00e9rales de Vente (CGV)"},"content":{"rendered":"<p>[et_pb_section fb_built=&#8221;1&#8243; admin_label=&#8221;section&#8221; _builder_version=&#8221;4.16&#8243; global_colors_info=&#8221;{}&#8221;][et_pb_row _builder_version=&#8221;4.25.1&#8243; _module_preset=&#8221;default&#8221;][et_pb_column _builder_version=&#8221;4.25.1&#8243; _module_preset=&#8221;default&#8221; type=&#8221;4_4&#8243;][et_pb_text _builder_version=&#8221;4.25.1&#8243; _module_preset=&#8221;default&#8221; hover_enabled=&#8221;0&#8243; sticky_enabled=&#8221;0&#8243;]<\/p>\n<h2>Conditions G\u00e9n\u00e9rales de Vente (CGV)<\/h2>\n<p>[\/et_pb_text][\/et_pb_column][\/et_pb_row][et_pb_row admin_label=&#8221;row&#8221; _builder_version=&#8221;4.16&#8243; background_size=&#8221;initial&#8221; background_position=&#8221;top_left&#8221; background_repeat=&#8221;repeat&#8221; global_colors_info=&#8221;{}&#8221;][et_pb_column type=&#8221;4_4&#8243; _builder_version=&#8221;4.16&#8243; custom_padding=&#8221;|||&#8221; global_colors_info=&#8221;{}&#8221; custom_padding__hover=&#8221;|||&#8221;][et_pb_text admin_label=&#8221;Text&#8221; _builder_version=&#8221;4.16&#8243; background_size=&#8221;initial&#8221; background_position=&#8221;top_left&#8221; background_repeat=&#8221;repeat&#8221; global_colors_info=&#8221;{}&#8221;]<\/p>\n<ol>\n<li><strong>Objet :<\/strong> Les pr\u00e9sentes Conditions G\u00e9n\u00e9rales de Vente ont pour objet de d\u00e9finir les droits et obligations des parties dans le cadre de la vente de billets pour l&#8217;exposition &#8220;La Beaut\u00e9 et le Pouvoir : Portraits Photographiques de Napol\u00e9on III et Eug\u00e9nie&#8221; organis\u00e9e par l\u2019association \u00ab&nbsp;Bureau des \u00c9tudiants-IESA ATRS et Culture&nbsp;\u00bb , enregistr\u00e9e sous le N\u00ba de SIREN&nbsp; 835161027, qui sera appel\u00e9e \u00ab&nbsp;l\u2019organisateur&nbsp;\u00bb dans ce document.<\/li>\n<li><strong>Prix :<\/strong> Les prix des billets sont indiqu\u00e9s en euros et sont susceptibles de varier en fonction des services inclus. Ils sont indiqu\u00e9s toutes taxes comprises et sont \u00e0 r\u00e9gler au moment de l&#8217;achat.<\/li>\n<li><strong>R\u00e9servation et Paiement :<\/strong> La r\u00e9servation des billets peut \u00eatre effectu\u00e9e en ligne ou sur place, selon les disponibilit\u00e9s. Le paiement s&#8217;effectue au moment de la r\u00e9servation et peut \u00eatre r\u00e9alis\u00e9 par diff\u00e9rents moyens de paiement accept\u00e9s par l&#8217;organisateur de l&#8217;exposition.<\/li>\n<li><strong>Conditions d&#8217;Annulation :<\/strong> Les billets ne sont ni \u00e9changeables ni remboursables, sauf en cas d&#8217;annulation de l&#8217;\u00e9v\u00e9nement par l&#8217;organisateur. En cas d&#8217;annulation, les modalit\u00e9s de remboursement seront communiqu\u00e9es aux acheteurs.<\/li>\n<li><strong>Responsabilit\u00e9 :<\/strong> L&#8217;organisateur de l&#8217;exposition ne peut \u00eatre tenu responsable des accidents, vols ou dommages survenus pendant la visite de l&#8217;exposition. Les visiteurs sont responsables de leurs effets personnels.<\/li>\n<li><strong>Propri\u00e9t\u00e9 Intellectuelle :<\/strong> Les photographies et autres \u0153uvres pr\u00e9sent\u00e9es lors de l&#8217;exposition sont prot\u00e9g\u00e9es par les droits de propri\u00e9t\u00e9 intellectuelle. Toute reproduction ou utilisation non autoris\u00e9e est strictement interdite.<\/li>\n<li><strong>Acceptation des CGV :<\/strong> La r\u00e9servation d&#8217;un billet implique l&#8217;acceptation pleine et enti\u00e8re des pr\u00e9sentes Conditions G\u00e9n\u00e9rales de Vente. Les visiteurs sont invit\u00e9s \u00e0 en prendre connaissance avant tout achat.<\/li>\n<li><strong>Modification des CGV :<\/strong> L&#8217;organisateur se r\u00e9serve le droit de modifier les pr\u00e9sentes CGV \u00e0 tout moment. Les nouvelles conditions seront applicables \u00e0 toute r\u00e9servation effectu\u00e9e post\u00e9rieurement \u00e0 leur modification.<\/li>\n<\/ol>\n<p>En acceptant ces Conditions G\u00e9n\u00e9rales de Vente, vous reconnaissez avoir pris connaissance et accept\u00e9 l&#8217;ensemble des dispositions qui y sont contenues.<\/p>\n<div style=\"height:100px\" aria-hidden=\"true\" class=\"wp-block-spacer\"><\/div>\n<p>[\/et_pb_text][\/et_pb_column][\/et_pb_row][\/et_pb_section]<\/p>\n","protected":false},"excerpt":{"rendered":"<p>Conditions G\u00e9n\u00e9rales de Vente (CGV) Objet : Les pr\u00e9sentes Conditions G\u00e9n\u00e9rales de Vente ont pour objet de d\u00e9finir les droits et obligations des parties dans le cadre de la vente de billets pour l&#8217;exposition &#8220;La Beaut\u00e9 et le Pouvoir : Portraits Photographiques de Napol\u00e9on III et Eug\u00e9nie&#8221; organis\u00e9e par l\u2019association \u00ab&nbsp;Bureau des \u00c9tudiants-IESA ATRS et [&hellip;]<\/p>\n","protected":false},"author":2,"featured_media":0,"parent":0,"menu_order":0,"comment_status":"closed","ping_status":"closed","template":"","meta":{"_et_pb_use_builder":"on","_et_pb_old_content":"","_et_gb_content_width":"","footnotes":""},"class_list":["post-214","page","type-page","status-publish","hentry"],"_links":{"self":[{"href":"https:\/\/beauteetpouvoir.com\/en\/wp-json\/wp\/v2\/pages\/214","targetHints":{"allow":["GET"]}}],"collection":[{"href":"https:\/\/beauteetpouvoir.com\/en\/wp-json\/wp\/v2\/pages"}],"about":[{"href":"https:\/\/beauteetpouvoir.com\/en\/wp-json\/wp\/v2\/types\/page"}],"author":[{"embeddable":true,"href":"https:\/\/beauteetpouvoir.com\/en\/wp-json\/wp\/v2\/users\/2"}],"replies":[{"embeddable":true,"href":"https:\/\/beauteetpouvoir.com\/en\/wp-json\/wp\/v2\/comments?post=214"}],"version-history":[{"count":2,"href":"https:\/\/beauteetpouvoir.com\/en\/wp-json\/wp\/v2\/pages\/214\/revisions"}],"predecessor-version":[{"id":216,"href":"https:\/\/beauteetpouvoir.com\/en\/wp-json\/wp\/v2\/pages\/214\/revisions\/216"}],"wp:attachment":[{"href":"https:\/\/beauteetpouvoir.com\/en\/wp-json\/wp\/v2\/media?parent=214"}],"curies":[{"name":"wp","href":"https:\/\/api.w.org\/{rel}","templated":true}]}}